{"id":7544,"date":"2022-02-10T10:35:39","date_gmt":"2022-02-10T09:35:39","guid":{"rendered":"https:\/\/sunred.eu\/?page_id=7544"},"modified":"2025-06-24T15:12:13","modified_gmt":"2025-06-24T14:12:13","slug":"cookies","status":"publish","type":"page","link":"https:\/\/sunred.eu\/de\/cookies\/","title":{"rendered":"Cookies"},"content":{"rendered":"<p data-start=\"147\" data-end=\"728\"><strong data-start=\"147\" data-end=\"167\">Cookie-Erkl\u00e4rung<\/strong><br data-start=\"167\" data-end=\"170\" \/><strong data-start=\"170\" data-end=\"196\">VERWENDEN WIR COOKIES?<\/strong><br data-start=\"196\" data-end=\"199\" \/><strong data-start=\"199\" data-end=\"235\">Klickverhalten und Besucherdaten<\/strong><br data-start=\"235\" data-end=\"238\" \/>Auf <a class=\"\" href=\"http:\/\/www.sunred.eu\" target=\"_new\" rel=\"noopener\" data-start=\"242\" data-end=\"257\">www.sunred.eu<\/a> erfassen wir allgemeine Besucherdaten. Hierbei kann es sich um die IP\u2011Adresse Ihres Computers, den entsprechenden Benutzernamen und den Zeitpunkt des Besuchs handeln. Diese Daten werden gespeichert, um einen besseren Einblick zu erhalten, wie unsere Webseite genutzt wird. Durch diese Analyse und den Einsatz von Cookies k\u00f6nnen wir unsere Webseite weiter optimieren. Wir bem\u00fchen uns, diese Daten zu anonymisieren, und geben sie selbstverst\u00e4ndlich nicht an Dritte weiter.<\/p>\n<p data-start=\"730\" data-end=\"1337\"><strong data-start=\"730\" data-end=\"753\">Was ist ein Cookie?<\/strong><br data-start=\"753\" data-end=\"756\" \/>\u201eMessen ist Wissen\u201c \u2013 viele Unternehmen folgen diesem Prinzip und nutzen daf\u00fcr Cookies. Ein Cookie ist eine kleine Datei, die eine Webseite auf der Festplatte Ihres Computers ablegt. So ist es m\u00f6glich, Benutzer voneinander zu unterscheiden, auch weil das Cookie bereits bei Ihrem Besuch der Webseite gesetzt wird. Wir nutzen Cookies, um Ihre Einstellungen und Pr\u00e4ferenzen zu speichern. Sie k\u00f6nnen diese Cookies \u00fcber Ihre Browsereinstellungen deaktivieren. \u00dcber unsere Webseite werden auch Cookies des amerikanischen Unternehmens Google verwendet, als Teil des \u201eAnalytics\u201c\u2011Dienstes.<\/p>\n<p data-start=\"1339\" data-end=\"1755\"><strong data-start=\"1339\" data-end=\"1359\">Google Analytics<\/strong><br data-start=\"1359\" data-end=\"1362\" \/>Wie viele Unternehmen verwendet auch Sunred heute Google Analytics, um zu erfassen, wie Besucher die Webseite nutzen und welche Surfgewohnheiten daraus resultieren. Die erfassten Daten werden von Google auf Servern in den Vereinigten Staaten gespeichert. Informationen zur Datenschutzrichtlinie von Google finden Sie hier. F\u00fcr den Einsatz von Google Analytics besteht eine separate Richtlinie.<\/p>\n<p data-start=\"1757\" data-end=\"2206\">Google verwendet diese Server, um Informationen zur Webseitennutzung zu erfassen. So erhalten auch wir Berichte und Einsichten \u00fcber m\u00f6gliche Werbeoptionen. Nur wenn dies gesetzlich vorgeschrieben ist oder falls Dritte diese Informationen im Auftrag von Google verarbeiten m\u00fcssen, werden diese Daten an Dritte weitergegeben. Sunred hat darauf keinen direkten Einfluss. Wir haben auch keine Erlaubnis erteilt, diese Daten zu anderen Zwecken zu nutzen.<\/p>\n<p data-start=\"2208\" data-end=\"2632\"><strong data-start=\"2208\" data-end=\"2244\">Facebook, LinkedIn und Instagram<\/strong><br data-start=\"2244\" data-end=\"2247\" \/>Falls Sie auf dieser Webseite Teilen\u2011Buttons f\u00fcr beispielsweise Facebook, LinkedIn, Twitter oder Instagram sehen, werden diese durch einen von den entsprechenden Unternehmen bereitgestellten Code implementiert. Durch diesen Code kann ebenfalls ein Cookie gesetzt werden. Weitere Informationen dazu finden Sie in den Datenschutzerkl\u00e4rungen von Facebook, Twitter, LinkedIn und Instagram.<\/p>\n<p data-start=\"2634\" data-end=\"3155\"><strong data-start=\"2634\" data-end=\"2648\">Newsletter<\/strong><br data-start=\"2648\" data-end=\"2651\" \/>Wir erstellen einen Newsletter, um unsere (potentiellen) Kunden \u00fcber aktuelle Entwicklungen im Unternehmen zu informieren. Das kann sich sowohl auf den Personal\u2011 und Produktbereich als auch auf Messeaktivit\u00e4ten beziehen. Ihre E\u2011Mail\u2011Adresse wird nur hinzugef\u00fcgt, wenn Sie dazu selbst durch den Anmelde\u2011Button am unteren Rand der Webseite zugestimmt haben. Jeder Newsletter bietet eine Abmeldem\u00f6glichkeit. Die Abonnenten\u2011Datei des Newsletters wird durch Sunred verwaltet und nicht an Dritte weitergegeben.<\/p>\n","protected":false},"excerpt":{"rendered":"<p>Cookie-Erkl\u00e4rungVERWENDEN WIR COOKIES?Klickverhalten und BesucherdatenAuf www.sunred.eu erfassen wir allgemeine Besucherdaten. Hierbei kann es sich um die IP\u2011Adresse Ihres Computers, den entsprechenden Benutzernamen und den Zeitpunkt des Besuchs handeln. Diese Daten werden gespeichert, um einen besseren Einblick zu erhalten, wie unsere Webseite genutzt wird. Durch diese Analyse und den Einsatz von Cookies k\u00f6nnen wir unsere Webseite [&hellip;]<\/p>\n","protected":false},"author":7,"featured_media":0,"parent":0,"menu_order":0,"comment_status":"closed","ping_status":"closed","template":"","meta":{"inline_featured_image":false,"footnotes":""},"class_list":["post-7544","page","type-page","status-publish","hentry"],"_links":{"self":[{"href":"https:\/\/sunred.eu\/de\/wp-json\/wp\/v2\/pages\/7544","targetHints":{"allow":["GET"]}}],"collection":[{"href":"https:\/\/sunred.eu\/de\/wp-json\/wp\/v2\/pages"}],"about":[{"href":"https:\/\/sunred.eu\/de\/wp-json\/wp\/v2\/types\/page"}],"author":[{"embeddable":true,"href":"https:\/\/sunred.eu\/de\/wp-json\/wp\/v2\/users\/7"}],"replies":[{"embeddable":true,"href":"https:\/\/sunred.eu\/de\/wp-json\/wp\/v2\/comments?post=7544"}],"version-history":[{"count":2,"href":"https:\/\/sunred.eu\/de\/wp-json\/wp\/v2\/pages\/7544\/revisions"}],"predecessor-version":[{"id":7552,"href":"https:\/\/sunred.eu\/de\/wp-json\/wp\/v2\/pages\/7544\/revisions\/7552"}],"wp:attachment":[{"href":"https:\/\/sunred.eu\/de\/wp-json\/wp\/v2\/media?parent=7544"}],"curies":[{"name":"wp","href":"https:\/\/api.w.org\/{rel}","templated":true}]}}