{"id":3181,"date":"2022-01-27T13:34:12","date_gmt":"2022-01-27T12:34:12","guid":{"rendered":"https:\/\/sunred.eu\/?post_type=product&#038;p=3181"},"modified":"2024-08-15T14:49:39","modified_gmt":"2024-08-15T13:49:39","slug":"elektra-quartz-standing-black-2000","status":"publish","type":"product","link":"https:\/\/sunred.eu\/de\/produkt\/elektra-quartz-standing-black-2000\/","title":{"rendered":"Elektra Quartz Stehender Schwarz 2000 Watt"},"excerpt":{"rendered":"<div class=\"flex-shrink-0 flex flex-col relative items-end\">\n<div>\n<div class=\"pt-0.5 juice:pt-0\">\n<div class=\"gizmo-bot-avatar flex h-6 w-6 items-center justify-center overflow-hidden rounded-full juice:h-8 juice:w-8\">\n<div class=\"relative p-1 rounded-sm flex items-center justify-center bg-token-main-surface-primary text-token-text-primary h-8 w-8\">Wie sch\u00f6n ist es, an einem langen Sommerabend drau\u00dfen mit Freunden zu sitzen? Mit diesem erschwinglichen Modell k\u00f6nnen Sie die W\u00e4rme nach Ihren W\u00fcnschen anpassen. Der SUNRED\u00ae Elektra 2000 hat ein Quarz-Heizelement, das in drei verschiedenen Stufen \u00fcber das praktische Zugband einstellbar ist.<\/div>\n<\/div>\n<\/div>\n<\/div>\n<\/div>\n","protected":false},"featured_media":2376,"template":"","meta":{"inline_featured_image":false},"product_brand":[],"product_cat":[412],"product_tag":[],"class_list":{"0":"post-3181","1":"product","2":"type-product","3":"status-publish","4":"has-post-thumbnail","6":"product_cat-quartz-de","8":"first","9":"instock","10":"taxable","11":"shipping-taxable","12":"purchasable","13":"product-type-simple"},"_links":{"self":[{"href":"https:\/\/sunred.eu\/de\/wp-json\/wp\/v2\/product\/3181","targetHints":{"allow":["GET"]}}],"collection":[{"href":"https:\/\/sunred.eu\/de\/wp-json\/wp\/v2\/product"}],"about":[{"href":"https:\/\/sunred.eu\/de\/wp-json\/wp\/v2\/types\/product"}],"wp:featuredmedia":[{"embeddable":true,"href":"https:\/\/sunred.eu\/de\/wp-json\/wp\/v2\/media\/2376"}],"wp:attachment":[{"href":"https:\/\/sunred.eu\/de\/wp-json\/wp\/v2\/media?parent=3181"}],"wp:term":[{"taxonomy":"product_brand","embeddable":true,"href":"https:\/\/sunred.eu\/de\/wp-json\/wp\/v2\/product_brand?post=3181"},{"taxonomy":"product_cat","embeddable":true,"href":"https:\/\/sunred.eu\/de\/wp-json\/wp\/v2\/product_cat?post=3181"},{"taxonomy":"product_tag","embeddable":true,"href":"https:\/\/sunred.eu\/de\/wp-json\/wp\/v2\/product_tag?post=3181"}],"curies":[{"name":"wp","href":"https:\/\/api.w.org\/{rel}","templated":true}]}}