{"id":3191,"date":"2022-01-27T13:34:09","date_gmt":"2022-01-27T12:34:09","guid":{"rendered":"https:\/\/sunred.eu\/?post_type=product&#038;p=3191"},"modified":"2026-02-11T08:44:45","modified_gmt":"2026-02-11T07:44:45","slug":"lugo-quartz-wall-grey-2000","status":"publish","type":"product","link":"https:\/\/sunred.eu\/de\/produkt\/lugo-quartz-wall-grey-2000\/","title":{"rendered":"Lugo Quartz Wand Grau 2000 Watt"},"excerpt":{"rendered":"<div class=\"flex-shrink-0 flex flex-col relative items-end\">\n<div>\n<div class=\"pt-0.5 juice:pt-0\">\n<div class=\"gizmo-bot-avatar flex h-6 w-6 items-center justify-center overflow-hidden rounded-full juice:h-8 juice:w-8\">\n<div class=\"relative p-1 rounded-sm flex items-center justify-center bg-token-main-surface-primary text-token-text-primary h-8 w-8\">Dieses Einstiegsmodell von SUNRED\u00ae eignet sich besonders f\u00fcr gut gesch\u00fctzte halb abgeschlossene Au\u00dfenbereiche. Das Quarzelement erw\u00e4rmt die Umgebung und Objekte (einschlie\u00dflich des menschlichen K\u00f6rpers). Bei starkem Wind kann es vorkommen, dass ein Teil der W\u00e4rmeverteilung verloren geht.<\/div>\n<\/div>\n<\/div>\n<\/div>\n<\/div>\n","protected":false},"featured_media":7952,"template":"","meta":{"inline_featured_image":false},"product_brand":[],"product_cat":[412],"product_tag":[],"class_list":{"0":"post-3191","1":"product","2":"type-product","3":"status-publish","4":"has-post-thumbnail","6":"product_cat-quartz-de","8":"first","9":"instock","10":"sale","11":"taxable","12":"shipping-taxable","13":"purchasable","14":"product-type-simple"},"_links":{"self":[{"href":"https:\/\/sunred.eu\/de\/wp-json\/wp\/v2\/product\/3191","targetHints":{"allow":["GET"]}}],"collection":[{"href":"https:\/\/sunred.eu\/de\/wp-json\/wp\/v2\/product"}],"about":[{"href":"https:\/\/sunred.eu\/de\/wp-json\/wp\/v2\/types\/product"}],"wp:featuredmedia":[{"embeddable":true,"href":"https:\/\/sunred.eu\/de\/wp-json\/wp\/v2\/media\/7952"}],"wp:attachment":[{"href":"https:\/\/sunred.eu\/de\/wp-json\/wp\/v2\/media?parent=3191"}],"wp:term":[{"taxonomy":"product_brand","embeddable":true,"href":"https:\/\/sunred.eu\/de\/wp-json\/wp\/v2\/product_brand?post=3191"},{"taxonomy":"product_cat","embeddable":true,"href":"https:\/\/sunred.eu\/de\/wp-json\/wp\/v2\/product_cat?post=3191"},{"taxonomy":"product_tag","embeddable":true,"href":"https:\/\/sunred.eu\/de\/wp-json\/wp\/v2\/product_tag?post=3191"}],"curies":[{"name":"wp","href":"https:\/\/api.w.org\/{rel}","templated":true}]}}