{"id":3192,"date":"2022-01-27T13:34:09","date_gmt":"2022-01-27T12:34:09","guid":{"rendered":"https:\/\/sunred.eu\/?post_type=product&#038;p=3192"},"modified":"2024-10-03T08:26:01","modified_gmt":"2024-10-03T07:26:01","slug":"nero-hanging-wall-black-2400","status":"publish","type":"product","link":"https:\/\/sunred.eu\/de\/produkt\/nero-hanging-wall-black-2400\/","title":{"rendered":"Nero H\u00e4ngende\/Wand Schwarzer 2400 Watt"},"excerpt":{"rendered":"<p>Der SUNRED\u00ae Nero ist ein einzigartiger Terrassenheizstrahler; bei diesem au\u00dfergew\u00f6hnlichen Heizger\u00e4t siehst du die W\u00e4rmeabgabe nicht, aber du wirst sicherlich f\u00fchlen, dass die Heizung sehr intensiv ist. Au\u00dferdem kannst du zwischen 1200 oder 2400 Watt Leistung w\u00e4hlen. Die Bedienung ist einfach, denn dieses Spitzenmodell von SUNRED\u00ae verf\u00fcgt \u00fcber eine Fernbedienung.<\/p>\n<p><em>Schutzh\u00fclle CWH-NER nicht enthalten<\/em><\/p>\n","protected":false},"featured_media":5926,"template":"","meta":{"inline_featured_image":false},"product_brand":[],"product_cat":[411],"product_tag":[],"class_list":{"0":"post-3192","1":"product","2":"type-product","3":"status-publish","4":"has-post-thumbnail","6":"product_cat-nero-de","8":"first","9":"outofstock","10":"taxable","11":"shipping-taxable","12":"purchasable","13":"product-type-simple"},"_links":{"self":[{"href":"https:\/\/sunred.eu\/de\/wp-json\/wp\/v2\/product\/3192","targetHints":{"allow":["GET"]}}],"collection":[{"href":"https:\/\/sunred.eu\/de\/wp-json\/wp\/v2\/product"}],"about":[{"href":"https:\/\/sunred.eu\/de\/wp-json\/wp\/v2\/types\/product"}],"wp:featuredmedia":[{"embeddable":true,"href":"https:\/\/sunred.eu\/de\/wp-json\/wp\/v2\/media\/5926"}],"wp:attachment":[{"href":"https:\/\/sunred.eu\/de\/wp-json\/wp\/v2\/media?parent=3192"}],"wp:term":[{"taxonomy":"product_brand","embeddable":true,"href":"https:\/\/sunred.eu\/de\/wp-json\/wp\/v2\/product_brand?post=3192"},{"taxonomy":"product_cat","embeddable":true,"href":"https:\/\/sunred.eu\/de\/wp-json\/wp\/v2\/product_cat?post=3192"},{"taxonomy":"product_tag","embeddable":true,"href":"https:\/\/sunred.eu\/de\/wp-json\/wp\/v2\/product_tag?post=3192"}],"curies":[{"name":"wp","href":"https:\/\/api.w.org\/{rel}","templated":true}]}}