{"id":3198,"date":"2022-02-15T14:31:52","date_gmt":"2022-02-15T13:31:52","guid":{"rendered":"https:\/\/sunred.eu\/?post_type=product&#038;p=3198"},"modified":"2026-01-06T15:11:51","modified_gmt":"2026-01-06T14:11:51","slug":"flame-torch-standing-black-12000","status":"publish","type":"product","link":"https:\/\/sunred.eu\/de\/produkt\/flame-torch-standing-black-12000\/","title":{"rendered":"Flame Torch Gas Schwarz 12000 Watt"},"excerpt":{"rendered":"<div class=\"flex-shrink-0 flex flex-col relative items-end\">\n<div>\n<div class=\"pt-0\">\n<div class=\"gizmo-bot-avatar flex h-8 w-8 items-center justify-center overflow-hidden rounded-full\">\n<div class=\"relative p-1 rounded-sm flex items-center justify-center bg-token-main-surface-primary text-token-text-primary h-8 w-8\">Mit diesem Terrassenheizer schaffst du eine behagliche W\u00e4rme, Atmosph\u00e4re und Design auf deiner Terrasse. Dieser stilvolle Design-Flammen-Terrassenheizer von SUNRED\u00ae bietet alles. Mit dem rundum sichtbaren, stimmungsvollen Flammenspiel wirst du dein Getr\u00e4nk, gute Gesellschaft und angenehme W\u00e4rme umso mehr genie\u00dfen.<\/div>\n<\/div>\n<\/div>\n<\/div>\n<\/div>\n","protected":false},"featured_media":2864,"template":"","meta":{"inline_featured_image":false},"product_brand":[],"product_cat":[409],"product_tag":[],"class_list":{"0":"post-3198","1":"product","2":"type-product","3":"status-publish","4":"has-post-thumbnail","6":"product_cat-gas-de","8":"first","9":"instock","10":"taxable","11":"shipping-taxable","12":"purchasable","13":"product-type-simple"},"_links":{"self":[{"href":"https:\/\/sunred.eu\/de\/wp-json\/wp\/v2\/product\/3198","targetHints":{"allow":["GET"]}}],"collection":[{"href":"https:\/\/sunred.eu\/de\/wp-json\/wp\/v2\/product"}],"about":[{"href":"https:\/\/sunred.eu\/de\/wp-json\/wp\/v2\/types\/product"}],"wp:featuredmedia":[{"embeddable":true,"href":"https:\/\/sunred.eu\/de\/wp-json\/wp\/v2\/media\/2864"}],"wp:attachment":[{"href":"https:\/\/sunred.eu\/de\/wp-json\/wp\/v2\/media?parent=3198"}],"wp:term":[{"taxonomy":"product_brand","embeddable":true,"href":"https:\/\/sunred.eu\/de\/wp-json\/wp\/v2\/product_brand?post=3198"},{"taxonomy":"product_cat","embeddable":true,"href":"https:\/\/sunred.eu\/de\/wp-json\/wp\/v2\/product_cat?post=3198"},{"taxonomy":"product_tag","embeddable":true,"href":"https:\/\/sunred.eu\/de\/wp-json\/wp\/v2\/product_tag?post=3198"}],"curies":[{"name":"wp","href":"https:\/\/api.w.org\/{rel}","templated":true}]}}