{"id":3199,"date":"2022-02-15T14:19:53","date_gmt":"2022-02-15T13:19:53","guid":{"rendered":"https:\/\/sunred.eu\/?post_type=product&#038;p=3199"},"modified":"2025-01-14T14:36:42","modified_gmt":"2025-01-14T13:36:42","slug":"propus-gas-lounge-grey-10000","status":"publish","type":"product","link":"https:\/\/sunred.eu\/de\/produkt\/propus-gas-lounge-grey-10000\/","title":{"rendered":"Propus Lounge Gas Grau 10000 Watt"},"excerpt":{"rendered":"<p>Dieser Terrassenheizer von SUNRED\u00ae sorgt f\u00fcr Atmosph\u00e4re und W\u00e4rme mit einem stilvollen Look und einer hohen Leistung von 10.000 Watt. Dieser Typ Terrassenheizer funktioniert sowohl mit Propan- als auch mit Butangas. Durch seine geringe H\u00f6he von ca. anderthalb Metern ist dieser Terrassenheizer perfekt geeignet f\u00fcr den Einsatz in der Essecke oder der Lounge-Sitzgruppe im Garten.<\/p>\n<p><em>Schutzh\u00fclle HLH nicht enthalten<\/em><\/p>\n","protected":false},"featured_media":5774,"template":"","meta":{"inline_featured_image":false},"product_brand":[],"product_cat":[409],"product_tag":[932],"class_list":{"0":"post-3199","1":"product","2":"type-product","3":"status-publish","4":"has-post-thumbnail","6":"product_cat-gas-de","7":"product_tag-ausverkauft-de","9":"first","10":"outofstock","11":"taxable","12":"shipping-taxable","13":"purchasable","14":"product-type-simple"},"_links":{"self":[{"href":"https:\/\/sunred.eu\/de\/wp-json\/wp\/v2\/product\/3199","targetHints":{"allow":["GET"]}}],"collection":[{"href":"https:\/\/sunred.eu\/de\/wp-json\/wp\/v2\/product"}],"about":[{"href":"https:\/\/sunred.eu\/de\/wp-json\/wp\/v2\/types\/product"}],"wp:featuredmedia":[{"embeddable":true,"href":"https:\/\/sunred.eu\/de\/wp-json\/wp\/v2\/media\/5774"}],"wp:attachment":[{"href":"https:\/\/sunred.eu\/de\/wp-json\/wp\/v2\/media?parent=3199"}],"wp:term":[{"taxonomy":"product_brand","embeddable":true,"href":"https:\/\/sunred.eu\/de\/wp-json\/wp\/v2\/product_brand?post=3199"},{"taxonomy":"product_cat","embeddable":true,"href":"https:\/\/sunred.eu\/de\/wp-json\/wp\/v2\/product_cat?post=3199"},{"taxonomy":"product_tag","embeddable":true,"href":"https:\/\/sunred.eu\/de\/wp-json\/wp\/v2\/product_tag?post=3199"}],"curies":[{"name":"wp","href":"https:\/\/api.w.org\/{rel}","templated":true}]}}