{"id":3209,"date":"2022-01-05T12:44:33","date_gmt":"2022-01-05T11:44:33","guid":{"rendered":"https:\/\/sunred.eu\/?post_type=product&#038;p=3209"},"modified":"2025-12-04T01:06:02","modified_gmt":"2025-12-04T00:06:02","slug":"fortuna-ultra-wall-1500","status":"publish","type":"product","link":"https:\/\/sunred.eu\/de\/produkt\/fortuna-ultra-wall-1500\/","title":{"rendered":"Fortuna Ultra Wand Schwarz 1500 Watt"},"excerpt":{"rendered":"<p>Das kompakteste und leistungsst\u00e4rkste Wandmodell in der Reihe. Es bietet ein intensives W\u00e4rmegef\u00fchl mit dem Low Glare SUNRED\u00ae ULTRA-Heizelement. Inklusive Fernbedienung und 3 Heizstufen bis zu 1500 Watt.<\/p>\n<p>Schutzabdeckung CW13S nicht enthalten.<\/p>\n","protected":false},"featured_media":5271,"template":"","meta":{"inline_featured_image":false},"product_brand":[],"product_cat":[413],"product_tag":[],"class_list":{"0":"post-3209","1":"product","2":"type-product","3":"status-publish","4":"has-post-thumbnail","6":"product_cat-ultra-de","8":"first","9":"instock","10":"taxable","11":"shipping-taxable","12":"purchasable","13":"product-type-simple"},"_links":{"self":[{"href":"https:\/\/sunred.eu\/de\/wp-json\/wp\/v2\/product\/3209","targetHints":{"allow":["GET"]}}],"collection":[{"href":"https:\/\/sunred.eu\/de\/wp-json\/wp\/v2\/product"}],"about":[{"href":"https:\/\/sunred.eu\/de\/wp-json\/wp\/v2\/types\/product"}],"wp:featuredmedia":[{"embeddable":true,"href":"https:\/\/sunred.eu\/de\/wp-json\/wp\/v2\/media\/5271"}],"wp:attachment":[{"href":"https:\/\/sunred.eu\/de\/wp-json\/wp\/v2\/media?parent=3209"}],"wp:term":[{"taxonomy":"product_brand","embeddable":true,"href":"https:\/\/sunred.eu\/de\/wp-json\/wp\/v2\/product_brand?post=3209"},{"taxonomy":"product_cat","embeddable":true,"href":"https:\/\/sunred.eu\/de\/wp-json\/wp\/v2\/product_cat?post=3209"},{"taxonomy":"product_tag","embeddable":true,"href":"https:\/\/sunred.eu\/de\/wp-json\/wp\/v2\/product_tag?post=3209"}],"curies":[{"name":"wp","href":"https:\/\/api.w.org\/{rel}","templated":true}]}}