{"id":6282,"date":"2023-03-29T15:05:47","date_gmt":"2023-03-29T14:05:47","guid":{"rendered":"https:\/\/sunred.eu\/product\/proglax-gastro-wall-hanging-black-2000\/"},"modified":"2024-08-15T14:24:56","modified_gmt":"2024-08-15T13:24:56","slug":"proglax-gastro-wall-hanging-black-2000","status":"publish","type":"product","link":"https:\/\/sunred.eu\/de\/produkt\/proglax-gastro-wall-hanging-black-2000\/","title":{"rendered":"Proglax Gastro SMART H\u00e4ngend\/Wand Schwarz 2000 Watt"},"excerpt":{"rendered":"<div class=\"flex-shrink-0 flex flex-col relative items-end\">\n<div class=\"pt-0.5 juice:pt-0\">\n<div class=\"gizmo-bot-avatar flex h-6 w-6 items-center justify-center overflow-hidden rounded-full juice:h-8 juice:w-8\">\n<div class=\"relative p-1 rounded-sm flex items-center justify-center bg-token-main-surface-primary text-token-text-primary h-8 w-8\">\n<div class=\"flex-shrink-0 flex flex-col relative items-end\">\n<div>\n<div class=\"pt-0.5 juice:pt-0\">\n<div class=\"gizmo-bot-avatar flex h-6 w-6 items-center justify-center overflow-hidden rounded-full juice:h-8 juice:w-8\">\n<div class=\"relative p-1 rounded-sm flex items-center justify-center bg-token-main-surface-primary text-token-text-primary h-8 w-8\">Wie wunderbar ist es heutzutage, von Ihrem gem\u00fctlichen Loungesessel aus Ihren Terrassenheizer mit Ihrem Smartphone zu steuern! SUNRED\u00ae pr\u00e4sentiert diesen eleganten Proglax Wand- und Decken-Terrassenheizer in einer Smart-Version. Mit diesem modernen Terrassenheizer haben Sie die M\u00f6glichkeit, ihn mit einem einfachen Klick auf Ihrem Handy einzuschalten oder die Leistungsstufe zu erh\u00f6hen oder zu verringern. Ein zus\u00e4tzlicher Vorteil ist, dass die Atmosph\u00e4re nicht durch Lichtverschmutzung durch \u00fcberm\u00e4\u00dfiges rotes Gl\u00fchen der W\u00e4rmequelle gest\u00f6rt wird, dank der hochwertigen Nextrema Schott Glasveredelung.<\/div>\n<\/div>\n<\/div>\n<\/div>\n<\/div>\n<\/div>\n<\/div>\n<\/div>\n<\/div>\n","protected":false},"featured_media":5862,"template":"","meta":{"inline_featured_image":false},"product_brand":[],"product_cat":[717],"product_tag":[829],"class_list":{"0":"post-6282","1":"product","2":"type-product","3":"status-publish","4":"has-post-thumbnail","6":"product_cat-gastro-de","7":"product_tag-smart-terrassenheizer-de","9":"first","10":"outofstock","11":"taxable","12":"shipping-taxable","13":"purchasable","14":"product-type-simple"},"_links":{"self":[{"href":"https:\/\/sunred.eu\/de\/wp-json\/wp\/v2\/product\/6282","targetHints":{"allow":["GET"]}}],"collection":[{"href":"https:\/\/sunred.eu\/de\/wp-json\/wp\/v2\/product"}],"about":[{"href":"https:\/\/sunred.eu\/de\/wp-json\/wp\/v2\/types\/product"}],"wp:featuredmedia":[{"embeddable":true,"href":"https:\/\/sunred.eu\/de\/wp-json\/wp\/v2\/media\/5862"}],"wp:attachment":[{"href":"https:\/\/sunred.eu\/de\/wp-json\/wp\/v2\/media?parent=6282"}],"wp:term":[{"taxonomy":"product_brand","embeddable":true,"href":"https:\/\/sunred.eu\/de\/wp-json\/wp\/v2\/product_brand?post=6282"},{"taxonomy":"product_cat","embeddable":true,"href":"https:\/\/sunred.eu\/de\/wp-json\/wp\/v2\/product_cat?post=6282"},{"taxonomy":"product_tag","embeddable":true,"href":"https:\/\/sunred.eu\/de\/wp-json\/wp\/v2\/product_tag?post=6282"}],"curies":[{"name":"wp","href":"https:\/\/api.w.org\/{rel}","templated":true}]}}