{"id":6509,"date":"2023-03-29T15:50:26","date_gmt":"2023-03-29T14:50:26","guid":{"rendered":"https:\/\/sunred.eu\/product\/indus-ultra-hanging-jade-green-2100\/"},"modified":"2024-08-15T09:33:51","modified_gmt":"2024-08-15T08:33:51","slug":"indus-ultra-hanging-jade-green-2100","status":"publish","type":"product","link":"https:\/\/sunred.eu\/de\/produkt\/indus-ultra-hanging-jade-green-2100\/","title":{"rendered":"Indus Ultra SMART H\u00e4ngend Jade Gr\u00fcn 2100 Watt"},"excerpt":{"rendered":"<p>Mit dem robusten Indus Ultra Terrassenheizer bringst du nicht nur W\u00e4rme, sondern auch einen Hauch von industriellem Design und intelligenter Technologie auf deine Gartenparty. Dieser Blickfang bietet eine einstellbare Heizleistung von bis zu 2100 Watt, verteilt auf 5 Stufen. Egal ob an einem k\u00fchlen Sommerabend oder an einem frischen Wintertag \u2013 du hast immer die perfekte Temperatur zur Hand dank der praktischen Steuerung \u00fcber dein Smartphone.<\/p>\n","protected":false},"featured_media":4975,"template":"","meta":{"inline_featured_image":false},"product_brand":[],"product_cat":[413],"product_tag":[829],"class_list":{"0":"post-6509","1":"product","2":"type-product","3":"status-publish","4":"has-post-thumbnail","6":"product_cat-ultra-de","7":"product_tag-smart-terrassenheizer-de","9":"first","10":"outofstock","11":"taxable","12":"shipping-taxable","13":"purchasable","14":"product-type-simple"},"_links":{"self":[{"href":"https:\/\/sunred.eu\/de\/wp-json\/wp\/v2\/product\/6509","targetHints":{"allow":["GET"]}}],"collection":[{"href":"https:\/\/sunred.eu\/de\/wp-json\/wp\/v2\/product"}],"about":[{"href":"https:\/\/sunred.eu\/de\/wp-json\/wp\/v2\/types\/product"}],"wp:featuredmedia":[{"embeddable":true,"href":"https:\/\/sunred.eu\/de\/wp-json\/wp\/v2\/media\/4975"}],"wp:attachment":[{"href":"https:\/\/sunred.eu\/de\/wp-json\/wp\/v2\/media?parent=6509"}],"wp:term":[{"taxonomy":"product_brand","embeddable":true,"href":"https:\/\/sunred.eu\/de\/wp-json\/wp\/v2\/product_brand?post=6509"},{"taxonomy":"product_cat","embeddable":true,"href":"https:\/\/sunred.eu\/de\/wp-json\/wp\/v2\/product_cat?post=6509"},{"taxonomy":"product_tag","embeddable":true,"href":"https:\/\/sunred.eu\/de\/wp-json\/wp\/v2\/product_tag?post=6509"}],"curies":[{"name":"wp","href":"https:\/\/api.w.org\/{rel}","templated":true}]}}