{"id":6512,"date":"2023-03-29T15:29:17","date_gmt":"2023-03-29T14:29:17","guid":{"rendered":"https:\/\/sunred.eu\/product\/focus-ultra-wall-grey-2000\/"},"modified":"2024-08-15T09:59:53","modified_gmt":"2024-08-15T08:59:53","slug":"focus-ultra-wall-grey-2000","status":"publish","type":"product","link":"https:\/\/sunred.eu\/de\/produkt\/focus-ultra-wall-grey-2000\/","title":{"rendered":"Focus Ultra SMART Wand Grau 2000 Watt"},"excerpt":{"rendered":"<h4>AUSVERKAUFT<\/h4>\n<p>Genie\u00dfen Sie auch immer diese stimmungsvolle Abende im Freien, die nie lange genug dauern k\u00f6nnen? Mit diesem praktischen und modernen SMART-Heizstrahler, ausgestattet mit einer leistungsstarken High-Performance- und Low-Glare-Technik und einer Gesamtleistung von 2000 Watt, wird das sicherlich gelingen! Stellen Sie die W\u00e4rme Ihres Stuhls oder Ihrer Lounge-Set auf die gew\u00fcnschte Temperatur ein. Verbinden Sie den Focus Terrassenheizer mit der Sunred-App und genie\u00dfen Sie alle M\u00f6glichkeiten, die die App zu bieten hat.<\/p>\n<p>Exklusive Schutzhaube CW-PRO25W<\/p>\n","protected":false},"featured_media":4951,"template":"","meta":{"inline_featured_image":false},"product_brand":[],"product_cat":[413],"product_tag":[829],"class_list":{"0":"post-6512","1":"product","2":"type-product","3":"status-publish","4":"has-post-thumbnail","6":"product_cat-ultra-de","7":"product_tag-smart-terrassenheizer-de","9":"first","10":"outofstock","11":"taxable","12":"shipping-taxable","13":"product-type-simple"},"_links":{"self":[{"href":"https:\/\/sunred.eu\/de\/wp-json\/wp\/v2\/product\/6512","targetHints":{"allow":["GET"]}}],"collection":[{"href":"https:\/\/sunred.eu\/de\/wp-json\/wp\/v2\/product"}],"about":[{"href":"https:\/\/sunred.eu\/de\/wp-json\/wp\/v2\/types\/product"}],"wp:featuredmedia":[{"embeddable":true,"href":"https:\/\/sunred.eu\/de\/wp-json\/wp\/v2\/media\/4951"}],"wp:attachment":[{"href":"https:\/\/sunred.eu\/de\/wp-json\/wp\/v2\/media?parent=6512"}],"wp:term":[{"taxonomy":"product_brand","embeddable":true,"href":"https:\/\/sunred.eu\/de\/wp-json\/wp\/v2\/product_brand?post=6512"},{"taxonomy":"product_cat","embeddable":true,"href":"https:\/\/sunred.eu\/de\/wp-json\/wp\/v2\/product_cat?post=6512"},{"taxonomy":"product_tag","embeddable":true,"href":"https:\/\/sunred.eu\/de\/wp-json\/wp\/v2\/product_tag?post=6512"}],"curies":[{"name":"wp","href":"https:\/\/api.w.org\/{rel}","templated":true}]}}