{"id":6609,"date":"2024-06-10T15:07:17","date_gmt":"2024-06-10T14:07:17","guid":{"rendered":"https:\/\/sunred.eu\/product\/fernbedienung-sp2\/"},"modified":"2026-02-03T09:40:50","modified_gmt":"2026-02-03T08:40:50","slug":"fernbedienung-sp2","status":"publish","type":"product","link":"https:\/\/sunred.eu\/de\/produkt\/fernbedienung-sp2\/","title":{"rendered":"Fernbedienung (SP2)"},"excerpt":{"rendered":"<p>Mit dieser einfach zu bedienenden und vielseitigen Fernbedienung k\u00f6nnen Sie Ihren Terrassenheizer m\u00fchelos steuern, so dass Sie immer die perfekte Temperatur einstellen k\u00f6nnen, ohne Ihren Platz zu verlassen.<\/p>\n<p><strong>Achtung: Wir verkaufen verschiedene Fernbedienungen. Sind Sie unsicher, ob diese Fernbedienung f\u00fcr Ihr Produkt geeignet ist? Bitte kontaktieren Sie uns vor der Bestellung unter service@outtrade.eu oder +31 (0)529 482808.<\/strong><\/p>\n<p><strong>Geeignet f\u00fcr die untenstehenden Terrassenheizer:<\/strong><\/p>\n","protected":false},"featured_media":5608,"template":"","meta":{"inline_featured_image":false},"product_brand":[],"product_cat":[935],"product_tag":[],"class_list":{"0":"post-6609","1":"product","2":"type-product","3":"status-publish","4":"has-post-thumbnail","6":"product_cat-zubehor","8":"first","9":"instock","10":"taxable","11":"shipping-taxable","12":"purchasable","13":"product-type-simple"},"_links":{"self":[{"href":"https:\/\/sunred.eu\/de\/wp-json\/wp\/v2\/product\/6609","targetHints":{"allow":["GET"]}}],"collection":[{"href":"https:\/\/sunred.eu\/de\/wp-json\/wp\/v2\/product"}],"about":[{"href":"https:\/\/sunred.eu\/de\/wp-json\/wp\/v2\/types\/product"}],"wp:featuredmedia":[{"embeddable":true,"href":"https:\/\/sunred.eu\/de\/wp-json\/wp\/v2\/media\/5608"}],"wp:attachment":[{"href":"https:\/\/sunred.eu\/de\/wp-json\/wp\/v2\/media?parent=6609"}],"wp:term":[{"taxonomy":"product_brand","embeddable":true,"href":"https:\/\/sunred.eu\/de\/wp-json\/wp\/v2\/product_brand?post=6609"},{"taxonomy":"product_cat","embeddable":true,"href":"https:\/\/sunred.eu\/de\/wp-json\/wp\/v2\/product_cat?post=6609"},{"taxonomy":"product_tag","embeddable":true,"href":"https:\/\/sunred.eu\/de\/wp-json\/wp\/v2\/product_tag?post=6609"}],"curies":[{"name":"wp","href":"https:\/\/api.w.org\/{rel}","templated":true}]}}