{"id":6624,"date":"2024-06-10T10:08:25","date_gmt":"2024-06-10T09:08:25","guid":{"rendered":"https:\/\/sunred.eu\/product\/sonnenschutzhuelle-hgh\/"},"modified":"2024-10-17T09:04:03","modified_gmt":"2024-10-17T08:04:03","slug":"sonnenschutzhuelle-hgh","status":"publish","type":"product","link":"https:\/\/sunred.eu\/de\/produkt\/sonnenschutzhuelle-hgh\/","title":{"rendered":"Sonnenschutzh\u00fclle (HGH)"},"excerpt":{"rendered":"<p>Sch\u00fctzen Sie Ihren Sunred-Terrassenheizer optimal mit einer passenden Schutzh\u00fclle.<br \/>\nDie H\u00fclle ist aus Polyester gefertigt und sch\u00fctzt den Terrassenheizer vor \u00e4u\u00dferen Witterungseinfl\u00fcssen, Schmutz, Staub und Kratzern.<\/p>\n<p><strong>Die Abdeckung ist f\u00fcr die folgenden Sunred Terrassenheizer geeignet:<\/strong><\/p>\n","protected":false},"featured_media":5527,"template":"","meta":{"inline_featured_image":false},"product_brand":[],"product_cat":[935],"product_tag":[],"class_list":{"0":"post-6624","1":"product","2":"type-product","3":"status-publish","4":"has-post-thumbnail","6":"product_cat-zubehor","8":"first","9":"instock","10":"taxable","11":"shipping-taxable","12":"purchasable","13":"product-type-simple"},"_links":{"self":[{"href":"https:\/\/sunred.eu\/de\/wp-json\/wp\/v2\/product\/6624","targetHints":{"allow":["GET"]}}],"collection":[{"href":"https:\/\/sunred.eu\/de\/wp-json\/wp\/v2\/product"}],"about":[{"href":"https:\/\/sunred.eu\/de\/wp-json\/wp\/v2\/types\/product"}],"wp:featuredmedia":[{"embeddable":true,"href":"https:\/\/sunred.eu\/de\/wp-json\/wp\/v2\/media\/5527"}],"wp:attachment":[{"href":"https:\/\/sunred.eu\/de\/wp-json\/wp\/v2\/media?parent=6624"}],"wp:term":[{"taxonomy":"product_brand","embeddable":true,"href":"https:\/\/sunred.eu\/de\/wp-json\/wp\/v2\/product_brand?post=6624"},{"taxonomy":"product_cat","embeddable":true,"href":"https:\/\/sunred.eu\/de\/wp-json\/wp\/v2\/product_cat?post=6624"},{"taxonomy":"product_tag","embeddable":true,"href":"https:\/\/sunred.eu\/de\/wp-json\/wp\/v2\/product_tag?post=6624"}],"curies":[{"name":"wp","href":"https:\/\/api.w.org\/{rel}","templated":true}]}}