{"id":6646,"date":"2024-06-03T13:03:12","date_gmt":"2024-06-03T12:03:12","guid":{"rendered":"https:\/\/sunred.eu\/product\/sonnenschutzhuelle-ch-rsh17\/"},"modified":"2024-10-17T09:16:10","modified_gmt":"2024-10-17T08:16:10","slug":"sonnenschutzhuelle-ch-rsh17","status":"publish","type":"product","link":"https:\/\/sunred.eu\/de\/produkt\/sonnenschutzhuelle-ch-rsh17\/","title":{"rendered":"Sonnenschutzh\u00fclle (CH-RSH17)"},"excerpt":{"rendered":"<p>Sch\u00fctzen Sie Ihren Sunred-Terrassenheizer optimal mit einer passenden Schutzh\u00fclle.<br \/>\nDie H\u00fclle ist aus strapazierf\u00e4higem Oxford 600D Polyester gefertigt und sch\u00fctzt den Terrassenheizer vor Witterungseinfl\u00fcssen, Schmutz, Staub und Kratzern.<\/p>\n<p><strong>Die Abdeckung ist f\u00fcr die folgenden Sunred Terrassenheizer geeignet:<\/strong><\/p>\n","protected":false},"featured_media":4806,"template":"","meta":{"inline_featured_image":false},"product_brand":[],"product_cat":[935],"product_tag":[],"class_list":{"0":"post-6646","1":"product","2":"type-product","3":"status-publish","4":"has-post-thumbnail","6":"product_cat-zubehor","8":"first","9":"instock","10":"taxable","11":"shipping-taxable","12":"purchasable","13":"product-type-simple"},"_links":{"self":[{"href":"https:\/\/sunred.eu\/de\/wp-json\/wp\/v2\/product\/6646","targetHints":{"allow":["GET"]}}],"collection":[{"href":"https:\/\/sunred.eu\/de\/wp-json\/wp\/v2\/product"}],"about":[{"href":"https:\/\/sunred.eu\/de\/wp-json\/wp\/v2\/types\/product"}],"wp:featuredmedia":[{"embeddable":true,"href":"https:\/\/sunred.eu\/de\/wp-json\/wp\/v2\/media\/4806"}],"wp:attachment":[{"href":"https:\/\/sunred.eu\/de\/wp-json\/wp\/v2\/media?parent=6646"}],"wp:term":[{"taxonomy":"product_brand","embeddable":true,"href":"https:\/\/sunred.eu\/de\/wp-json\/wp\/v2\/product_brand?post=6646"},{"taxonomy":"product_cat","embeddable":true,"href":"https:\/\/sunred.eu\/de\/wp-json\/wp\/v2\/product_cat?post=6646"},{"taxonomy":"product_tag","embeddable":true,"href":"https:\/\/sunred.eu\/de\/wp-json\/wp\/v2\/product_tag?post=6646"}],"curies":[{"name":"wp","href":"https:\/\/api.w.org\/{rel}","templated":true}]}}