{"id":6649,"date":"2024-06-03T12:05:08","date_gmt":"2024-06-03T11:05:08","guid":{"rendered":"https:\/\/sunred.eu\/product\/sonnenschutzabdeckung-hw10\/"},"modified":"2025-07-23T08:49:12","modified_gmt":"2025-07-23T07:49:12","slug":"sonnenschutzabdeckung-hw10","status":"publish","type":"product","link":"https:\/\/sunred.eu\/de\/produkt\/sonnenschutzabdeckung-hw10\/","title":{"rendered":"Sonnenschutzabdeckung (HW10)"},"excerpt":{"rendered":"<p>Sch\u00fctzen Sie Ihren Sunred-Terrassenheizer optimal mit einer passenden Schutzh\u00fclle.<br \/>\nDie H\u00fclle ist aus strapazierf\u00e4higem Oxford 600D Polyester gefertigt und sch\u00fctzt den Terrassenheizer vor Witterungseinfl\u00fcssen, Schmutz, Staub und Kratzern.<\/p>\n<p><strong>Die Abdeckung ist f\u00fcr die folgenden Sunred Terrassenheizer geeignet:<\/strong><\/p>\n","protected":false},"featured_media":4778,"template":"","meta":{"inline_featured_image":false},"product_brand":[],"product_cat":[935],"product_tag":[],"class_list":{"0":"post-6649","1":"product","2":"type-product","3":"status-publish","4":"has-post-thumbnail","6":"product_cat-zubehor","8":"first","9":"outofstock","10":"taxable","11":"shipping-taxable","12":"purchasable","13":"product-type-simple"},"_links":{"self":[{"href":"https:\/\/sunred.eu\/de\/wp-json\/wp\/v2\/product\/6649","targetHints":{"allow":["GET"]}}],"collection":[{"href":"https:\/\/sunred.eu\/de\/wp-json\/wp\/v2\/product"}],"about":[{"href":"https:\/\/sunred.eu\/de\/wp-json\/wp\/v2\/types\/product"}],"wp:featuredmedia":[{"embeddable":true,"href":"https:\/\/sunred.eu\/de\/wp-json\/wp\/v2\/media\/4778"}],"wp:attachment":[{"href":"https:\/\/sunred.eu\/de\/wp-json\/wp\/v2\/media?parent=6649"}],"wp:term":[{"taxonomy":"product_brand","embeddable":true,"href":"https:\/\/sunred.eu\/de\/wp-json\/wp\/v2\/product_brand?post=6649"},{"taxonomy":"product_cat","embeddable":true,"href":"https:\/\/sunred.eu\/de\/wp-json\/wp\/v2\/product_cat?post=6649"},{"taxonomy":"product_tag","embeddable":true,"href":"https:\/\/sunred.eu\/de\/wp-json\/wp\/v2\/product_tag?post=6649"}],"curies":[{"name":"wp","href":"https:\/\/api.w.org\/{rel}","templated":true}]}}