{"id":6813,"date":"2024-10-02T07:50:37","date_gmt":"2024-10-02T06:50:37","guid":{"rendered":"https:\/\/sunred.eu\/product\/compact-artix-bright-haengend-weiss-1800-watt\/"},"modified":"2024-10-03T08:45:26","modified_gmt":"2024-10-03T07:45:26","slug":"compact-artix-bright-haengend-weiss-1800-watt","status":"publish","type":"product","link":"https:\/\/sunred.eu\/de\/produkt\/compact-artix-bright-haengend-weiss-1800-watt\/","title":{"rendered":"Compact Artix Bright H\u00e4ngend Wei\u00df 1800 Watt"},"excerpt":{"rendered":"<p><strong>Bringen Sie die Gem\u00fctlichkeit nach drau\u00dfen mit dem SUNRED\u00ae Artix Terrassenheizer!<\/strong>  Genie\u00dfen Sie W\u00e4rme und Stil in einem mit diesem eleganten h\u00e4ngenden Terrassenheizer.<br \/>\nPassen Sie die W\u00e4rme ganz einfach mit den verstellbaren Einstellungen an und vergessen Sie den Wind, denn der Infrarot-Terrassenstrahler w\u00e4rmt Sie von innen.<br \/>\nMit praktischer Fernbedienung und integrierter LED-Beleuchtung.<br \/>\nVerwandeln Sie Ihren Au\u00dfenbereich in eine warme Oase, bestellen Sie jetzt!   <\/p>\n","protected":false},"featured_media":6667,"template":"","meta":{"inline_featured_image":false},"product_brand":[],"product_cat":[407],"product_tag":[],"class_list":{"0":"post-6813","1":"product","2":"type-product","3":"status-publish","4":"has-post-thumbnail","6":"product_cat-bright-de","8":"first","9":"outofstock","10":"taxable","11":"shipping-taxable","12":"purchasable","13":"product-type-simple"},"_links":{"self":[{"href":"https:\/\/sunred.eu\/de\/wp-json\/wp\/v2\/product\/6813","targetHints":{"allow":["GET"]}}],"collection":[{"href":"https:\/\/sunred.eu\/de\/wp-json\/wp\/v2\/product"}],"about":[{"href":"https:\/\/sunred.eu\/de\/wp-json\/wp\/v2\/types\/product"}],"wp:featuredmedia":[{"embeddable":true,"href":"https:\/\/sunred.eu\/de\/wp-json\/wp\/v2\/media\/6667"}],"wp:attachment":[{"href":"https:\/\/sunred.eu\/de\/wp-json\/wp\/v2\/media?parent=6813"}],"wp:term":[{"taxonomy":"product_brand","embeddable":true,"href":"https:\/\/sunred.eu\/de\/wp-json\/wp\/v2\/product_brand?post=6813"},{"taxonomy":"product_cat","embeddable":true,"href":"https:\/\/sunred.eu\/de\/wp-json\/wp\/v2\/product_cat?post=6813"},{"taxonomy":"product_tag","embeddable":true,"href":"https:\/\/sunred.eu\/de\/wp-json\/wp\/v2\/product_tag?post=6813"}],"curies":[{"name":"wp","href":"https:\/\/api.w.org\/{rel}","templated":true}]}}