{"id":6815,"date":"2022-02-16T12:03:23","date_gmt":"2022-02-16T11:03:23","guid":{"rendered":"https:\/\/sunred.eu\/product\/indus-bright-haengend-schwarz-2100-watt\/"},"modified":"2026-01-18T14:41:11","modified_gmt":"2026-01-18T13:41:11","slug":"indus-bright-haengend-schwarz-2100-watt","status":"publish","type":"product","link":"https:\/\/sunred.eu\/de\/produkt\/indus-bright-haengend-schwarz-2100-watt\/","title":{"rendered":"Indus Bright H\u00e4ngend Schwarz 2100 Watt"},"excerpt":{"rendered":"<p>M\u00f6chten auch Sie Ihren Garten mit Stil genie\u00dfen?<br \/>\nMit dem INDUS Bright von SUNRED\u00ae k\u00f6nnen Sie ganz einfach eine warme und gem\u00fctliche Terrasse schaffen.<br \/>\nDieser leistungsstarke Terrassenheizer verf\u00fcgt \u00fcber ein industrielles Design und ein Heizelement, das Sie von innen heraus w\u00e4rmt.    <em>Exklusive Schutzh\u00fclle CH-RSH16<\/em><\/p>\n","protected":false},"featured_media":2936,"template":"","meta":{"inline_featured_image":false},"product_brand":[],"product_cat":[407],"product_tag":[],"class_list":{"0":"post-6815","1":"product","2":"type-product","3":"status-publish","4":"has-post-thumbnail","6":"product_cat-bright-de","8":"first","9":"instock","10":"taxable","11":"shipping-taxable","12":"purchasable","13":"product-type-simple"},"_links":{"self":[{"href":"https:\/\/sunred.eu\/de\/wp-json\/wp\/v2\/product\/6815","targetHints":{"allow":["GET"]}}],"collection":[{"href":"https:\/\/sunred.eu\/de\/wp-json\/wp\/v2\/product"}],"about":[{"href":"https:\/\/sunred.eu\/de\/wp-json\/wp\/v2\/types\/product"}],"wp:featuredmedia":[{"embeddable":true,"href":"https:\/\/sunred.eu\/de\/wp-json\/wp\/v2\/media\/2936"}],"wp:attachment":[{"href":"https:\/\/sunred.eu\/de\/wp-json\/wp\/v2\/media?parent=6815"}],"wp:term":[{"taxonomy":"product_brand","embeddable":true,"href":"https:\/\/sunred.eu\/de\/wp-json\/wp\/v2\/product_brand?post=6815"},{"taxonomy":"product_cat","embeddable":true,"href":"https:\/\/sunred.eu\/de\/wp-json\/wp\/v2\/product_cat?post=6815"},{"taxonomy":"product_tag","embeddable":true,"href":"https:\/\/sunred.eu\/de\/wp-json\/wp\/v2\/product_tag?post=6815"}],"curies":[{"name":"wp","href":"https:\/\/api.w.org\/{rel}","templated":true}]}}