{"id":6819,"date":"2022-01-27T13:34:09","date_gmt":"2022-01-27T12:34:09","guid":{"rendered":"https:\/\/sunred.eu\/product\/artix-corda-bright-haengend-braun-1800-watt\/"},"modified":"2024-10-03T08:55:34","modified_gmt":"2024-10-03T07:55:34","slug":"artix-corda-bright-haengend-braun-1800-watt","status":"publish","type":"product","link":"https:\/\/sunred.eu\/de\/produkt\/artix-corda-bright-haengend-braun-1800-watt\/","title":{"rendered":"Artix Corda Bright H\u00e4ngend Braun 1800 Watt"},"excerpt":{"rendered":"<p>Der h\u00e4ngende Artix Corda von SUNRED\u00ae ist eine atemberaubende Erg\u00e4nzung f\u00fcr Ihre Terrasse.<br \/>\nDieser stilvolle Terrassenheizer sieht nicht nur sch\u00f6n aus, sondern bietet auch eine angenehme W\u00e4rme.<br \/>\nDank seiner eleganten Olefin-Seilstruktur hat der Terrassenheizer einen warmen und schicken Look.<br \/>\nSteigern Sie Ihren Komfort im Freien mit dem Artix Corda, der perfekten Kombination aus Design und Funktionalit\u00e4t f\u00fcr jede Terrasse.     <em>Exklusive Schutzh\u00fclle CH-ARTIX-M-HO<\/em><\/p>\n","protected":false},"featured_media":5701,"template":"","meta":{"inline_featured_image":false},"product_brand":[],"product_cat":[407],"product_tag":[],"class_list":{"0":"post-6819","1":"product","2":"type-product","3":"status-publish","4":"has-post-thumbnail","6":"product_cat-bright-de","8":"first","9":"instock","10":"taxable","11":"shipping-taxable","12":"purchasable","13":"product-type-simple"},"_links":{"self":[{"href":"https:\/\/sunred.eu\/de\/wp-json\/wp\/v2\/product\/6819","targetHints":{"allow":["GET"]}}],"collection":[{"href":"https:\/\/sunred.eu\/de\/wp-json\/wp\/v2\/product"}],"about":[{"href":"https:\/\/sunred.eu\/de\/wp-json\/wp\/v2\/types\/product"}],"wp:featuredmedia":[{"embeddable":true,"href":"https:\/\/sunred.eu\/de\/wp-json\/wp\/v2\/media\/5701"}],"wp:attachment":[{"href":"https:\/\/sunred.eu\/de\/wp-json\/wp\/v2\/media?parent=6819"}],"wp:term":[{"taxonomy":"product_brand","embeddable":true,"href":"https:\/\/sunred.eu\/de\/wp-json\/wp\/v2\/product_brand?post=6819"},{"taxonomy":"product_cat","embeddable":true,"href":"https:\/\/sunred.eu\/de\/wp-json\/wp\/v2\/product_cat?post=6819"},{"taxonomy":"product_tag","embeddable":true,"href":"https:\/\/sunred.eu\/de\/wp-json\/wp\/v2\/product_tag?post=6819"}],"curies":[{"name":"wp","href":"https:\/\/api.w.org\/{rel}","templated":true}]}}