{"id":6833,"date":"2022-01-27T13:34:09","date_gmt":"2022-01-27T12:34:09","guid":{"rendered":"https:\/\/sunred.eu\/product\/indus-bright-haengend-schwarz-3000-watt\/"},"modified":"2026-04-06T11:45:54","modified_gmt":"2026-04-06T10:45:54","slug":"indus-bright-haengend-schwarz-3000-watt","status":"publish","type":"product","link":"https:\/\/sunred.eu\/de\/produkt\/indus-bright-haengend-schwarz-3000-watt\/","title":{"rendered":"Indus Bright H\u00e4ngend Schwarz 3000 Watt"},"excerpt":{"rendered":"<p>Versch\u00f6nern Sie Ihre industrielle Terrasse oder Ihr Vordach mit diesem eleganten h\u00e4ngenden Terrassenheizer aus der SUNRED\u00ae Bright-Serie.<br \/>\nDer IND-3000H ist mit zwei 1500-Watt-Elementen ausgestattet.<br \/>\nBeide Lampen haben 3 Einstellungen von 700, 800 und 1500 Watt.<br \/>\nDas Halogen-Infrarot-Heizelement ist praktisch winddicht und strahlt ein angenehmes Licht aus.<br \/>\nMit seinem industriellen Design und seinen benutzerfreundlichen Funktionen bietet er nicht nur W\u00e4rme, sondern auch eine stilvolle Erg\u00e4nzung Ihrer Einrichtung.<br \/>\nSchaffen Sie eine gem\u00fctliche Atmosph\u00e4re und halten Sie die K\u00e4lte fern!     <\/p>\n","protected":false},"featured_media":5454,"template":"","meta":{"inline_featured_image":false},"product_brand":[],"product_cat":[407],"product_tag":[],"class_list":{"0":"post-6833","1":"product","2":"type-product","3":"status-publish","4":"has-post-thumbnail","6":"product_cat-bright-de","8":"first","9":"instock","10":"sale","11":"taxable","12":"shipping-taxable","13":"purchasable","14":"product-type-simple"},"_links":{"self":[{"href":"https:\/\/sunred.eu\/de\/wp-json\/wp\/v2\/product\/6833","targetHints":{"allow":["GET"]}}],"collection":[{"href":"https:\/\/sunred.eu\/de\/wp-json\/wp\/v2\/product"}],"about":[{"href":"https:\/\/sunred.eu\/de\/wp-json\/wp\/v2\/types\/product"}],"wp:featuredmedia":[{"embeddable":true,"href":"https:\/\/sunred.eu\/de\/wp-json\/wp\/v2\/media\/5454"}],"wp:attachment":[{"href":"https:\/\/sunred.eu\/de\/wp-json\/wp\/v2\/media?parent=6833"}],"wp:term":[{"taxonomy":"product_brand","embeddable":true,"href":"https:\/\/sunred.eu\/de\/wp-json\/wp\/v2\/product_brand?post=6833"},{"taxonomy":"product_cat","embeddable":true,"href":"https:\/\/sunred.eu\/de\/wp-json\/wp\/v2\/product_cat?post=6833"},{"taxonomy":"product_tag","embeddable":true,"href":"https:\/\/sunred.eu\/de\/wp-json\/wp\/v2\/product_tag?post=6833"}],"curies":[{"name":"wp","href":"https:\/\/api.w.org\/{rel}","templated":true}]}}