{"id":6837,"date":"2022-01-27T13:34:12","date_gmt":"2022-01-27T12:34:12","guid":{"rendered":"https:\/\/sunred.eu\/product\/vintage-dunkel-haengend-schwarz-2500-watt\/"},"modified":"2025-01-14T15:26:30","modified_gmt":"2025-01-14T14:26:30","slug":"vintage-dunkel-haengend-schwarz-2500-watt","status":"publish","type":"product","link":"https:\/\/sunred.eu\/de\/produkt\/vintage-dunkel-haengend-schwarz-2500-watt\/","title":{"rendered":"Vintage Dunkel H\u00e4ngend Schwarz 2500 Watt"},"excerpt":{"rendered":"<p>Wenn Sie den industriellen Look in Ihrem Garten fortsetzen m\u00f6chten, haben wir die L\u00f6sung.<br \/>\nMit dem stilvollen Vintage 2500 aus der Dark-Serie von SUNRED\u00ae k\u00f6nnen Sie stilvoll viele Abende im Freien unter den wunderbaren Infrarotstrahlen dieses Terrassenstrahlers im Vintage-Look genie\u00dfen. <em>Exklusive Schutzh\u00fclle CH-RD-VIN25<\/em><\/p>\n","protected":false},"featured_media":5731,"template":"","meta":{"inline_featured_image":false},"product_brand":[],"product_cat":[408],"product_tag":[],"class_list":{"0":"post-6837","1":"product","2":"type-product","3":"status-publish","4":"has-post-thumbnail","6":"product_cat-dark-de","8":"first","9":"instock","10":"taxable","11":"shipping-taxable","12":"purchasable","13":"product-type-simple"},"_links":{"self":[{"href":"https:\/\/sunred.eu\/de\/wp-json\/wp\/v2\/product\/6837","targetHints":{"allow":["GET"]}}],"collection":[{"href":"https:\/\/sunred.eu\/de\/wp-json\/wp\/v2\/product"}],"about":[{"href":"https:\/\/sunred.eu\/de\/wp-json\/wp\/v2\/types\/product"}],"wp:featuredmedia":[{"embeddable":true,"href":"https:\/\/sunred.eu\/de\/wp-json\/wp\/v2\/media\/5731"}],"wp:attachment":[{"href":"https:\/\/sunred.eu\/de\/wp-json\/wp\/v2\/media?parent=6837"}],"wp:term":[{"taxonomy":"product_brand","embeddable":true,"href":"https:\/\/sunred.eu\/de\/wp-json\/wp\/v2\/product_brand?post=6837"},{"taxonomy":"product_cat","embeddable":true,"href":"https:\/\/sunred.eu\/de\/wp-json\/wp\/v2\/product_cat?post=6837"},{"taxonomy":"product_tag","embeddable":true,"href":"https:\/\/sunred.eu\/de\/wp-json\/wp\/v2\/product_tag?post=6837"}],"curies":[{"name":"wp","href":"https:\/\/api.w.org\/{rel}","templated":true}]}}