{"id":6840,"date":"2022-01-27T13:34:09","date_gmt":"2022-01-27T12:34:09","guid":{"rendered":"https:\/\/sunred.eu\/product\/dunkel-stehend-schwarz-2500-watt\/"},"modified":"2025-01-14T15:34:25","modified_gmt":"2025-01-14T14:34:25","slug":"dunkel-stehend-schwarz-2500-watt","status":"publish","type":"product","link":"https:\/\/sunred.eu\/de\/produkt\/dunkel-stehend-schwarz-2500-watt\/","title":{"rendered":"Dark Stehend Schwarz 2500 Watt"},"excerpt":{"rendered":"<p>Mit diesem hochwertigen und praktischen Terrassenheizer aus der Dark Range von SUNRED\u00ae k\u00f6nnen Sie einen stimmungsvollen Abend in Ihrem Garten oder auf der Terrasse genie\u00dfen.<br \/>\nMit dem RD-DARK-25S profitieren Sie von einer W\u00e4rmeintensit\u00e4t auf h\u00f6chstem Niveau. <em>Exklusive Schutzh\u00fclle CW-RD-DARK<\/em><\/p>\n","protected":false},"featured_media":2726,"template":"","meta":{"inline_featured_image":false},"product_brand":[],"product_cat":[408],"product_tag":[],"class_list":{"0":"post-6840","1":"product","2":"type-product","3":"status-publish","4":"has-post-thumbnail","6":"product_cat-dark-de","8":"first","9":"instock","10":"taxable","11":"shipping-taxable","12":"purchasable","13":"product-type-simple"},"_links":{"self":[{"href":"https:\/\/sunred.eu\/de\/wp-json\/wp\/v2\/product\/6840","targetHints":{"allow":["GET"]}}],"collection":[{"href":"https:\/\/sunred.eu\/de\/wp-json\/wp\/v2\/product"}],"about":[{"href":"https:\/\/sunred.eu\/de\/wp-json\/wp\/v2\/types\/product"}],"wp:featuredmedia":[{"embeddable":true,"href":"https:\/\/sunred.eu\/de\/wp-json\/wp\/v2\/media\/2726"}],"wp:attachment":[{"href":"https:\/\/sunred.eu\/de\/wp-json\/wp\/v2\/media?parent=6840"}],"wp:term":[{"taxonomy":"product_brand","embeddable":true,"href":"https:\/\/sunred.eu\/de\/wp-json\/wp\/v2\/product_brand?post=6840"},{"taxonomy":"product_cat","embeddable":true,"href":"https:\/\/sunred.eu\/de\/wp-json\/wp\/v2\/product_cat?post=6840"},{"taxonomy":"product_tag","embeddable":true,"href":"https:\/\/sunred.eu\/de\/wp-json\/wp\/v2\/product_tag?post=6840"}],"curies":[{"name":"wp","href":"https:\/\/api.w.org\/{rel}","templated":true}]}}