{"id":6842,"date":"2022-01-05T13:09:21","date_gmt":"2022-01-05T12:09:21","guid":{"rendered":"https:\/\/sunred.eu\/product\/indox-dark-tischmodell-schwarz-1200-watt\/"},"modified":"2025-10-16T10:35:50","modified_gmt":"2025-10-16T09:35:50","slug":"indox-dark-tischmodell-schwarz-1200-watt","status":"publish","type":"product","link":"https:\/\/sunred.eu\/de\/produkt\/indox-dark-tischmodell-schwarz-1200-watt\/","title":{"rendered":"Indox Dark Tischmodell Schwarz 1200 Watt"},"excerpt":{"rendered":"<p>Der stilvolle industrielle Indox-Tischheizstrahler ist mit dem Ultra Low Glare SUNRED\u00ae DARK Heizelement ausgestattet.<br \/>\nNeben der sehr geringen Blendung verf\u00fcgt der Terrassenheizer \u00fcber eine 180-Grad-Drehfunktion, damit Sie sowohl links als auch rechts vom Terrassenheizer eine angenehme W\u00e4rme haben. <\/p>\n","protected":false},"featured_media":2166,"template":"","meta":{"inline_featured_image":false},"product_brand":[],"product_cat":[408],"product_tag":[],"class_list":{"0":"post-6842","1":"product","2":"type-product","3":"status-publish","4":"has-post-thumbnail","6":"product_cat-dark-de","8":"first","9":"instock","10":"taxable","11":"shipping-taxable","12":"purchasable","13":"product-type-simple"},"_links":{"self":[{"href":"https:\/\/sunred.eu\/de\/wp-json\/wp\/v2\/product\/6842","targetHints":{"allow":["GET"]}}],"collection":[{"href":"https:\/\/sunred.eu\/de\/wp-json\/wp\/v2\/product"}],"about":[{"href":"https:\/\/sunred.eu\/de\/wp-json\/wp\/v2\/types\/product"}],"wp:featuredmedia":[{"embeddable":true,"href":"https:\/\/sunred.eu\/de\/wp-json\/wp\/v2\/media\/2166"}],"wp:attachment":[{"href":"https:\/\/sunred.eu\/de\/wp-json\/wp\/v2\/media?parent=6842"}],"wp:term":[{"taxonomy":"product_brand","embeddable":true,"href":"https:\/\/sunred.eu\/de\/wp-json\/wp\/v2\/product_brand?post=6842"},{"taxonomy":"product_cat","embeddable":true,"href":"https:\/\/sunred.eu\/de\/wp-json\/wp\/v2\/product_cat?post=6842"},{"taxonomy":"product_tag","embeddable":true,"href":"https:\/\/sunred.eu\/de\/wp-json\/wp\/v2\/product_tag?post=6842"}],"curies":[{"name":"wp","href":"https:\/\/api.w.org\/{rel}","templated":true}]}}